{"id":7,"date":"2024-06-05T07:42:52","date_gmt":"2024-06-05T07:42:52","guid":{"rendered":"https:\/\/www.smigajbezpiecznie.pl\/?page_id=7"},"modified":"2026-03-17T20:05:43","modified_gmt":"2026-03-17T20:05:43","slug":"smigajbezpiecznie-2","status":"publish","type":"page","link":"https:\/\/www.smigajbezpiecznie.pl\/","title":{"rendered":"#\u015amigajBezpiecznie"},"content":{"rendered":"","protected":false},"excerpt":{"rendered":"","protected":false},"author":1,"featured_media":0,"parent":0,"menu_order":0,"comment_status":"closed","ping_status":"closed","template":"homepage.php","meta":{"_acf_changed":false,"site-sidebar-layout":"no-sidebar","site-content-layout":"plain-container","ast-site-content-layout":"normal-width-container","site-content-style":"default","site-sidebar-style":"default","ast-global-header-display":"disabled","ast-banner-title-visibility":"","ast-main-header-display":"","ast-hfb-above-header-display":"","ast-hfb-below-header-display":"","ast-hfb-mobile-header-display":"","site-post-title":"","ast-breadcrumbs-content":"","ast-featured-img":"","footer-sml-layout":"","ast-disable-related-posts":"","theme-transparent-header-meta":"enabled","adv-header-id-meta":"","stick-header-meta":"","header-above-stick-meta":"","header-main-stick-meta":"","header-below-stick-meta":"","astra-migrate-meta-layouts":"default","ast-page-background-enabled":"default","ast-page-background-meta":{"desktop":{"background-color":"var(--ast-global-color-4)","background-image":"","background-repeat":"repeat","background-position":"center center","background-size":"auto","background-attachment":"scroll","background-type":"","background-media":"","overlay-type":"","overlay-color":"","overlay-opacity":"","overlay-gradient":""},"tablet":{"background-color":"","background-image":"","background-repeat":"repeat","background-position":"center center","background-size":"auto","background-attachment":"scroll","background-type":"","background-media":"","overlay-type":"","overlay-color":"","overlay-opacity":"","overlay-gradient":""},"mobile":{"background-color":"","background-image":"","background-repeat":"repeat","background-position":"center center","background-size":"auto","background-attachment":"scroll","background-type":"","background-media":"","overlay-type":"","overlay-color":"","overlay-opacity":"","overlay-gradient":""}},"ast-content-background-meta":{"desktop":{"background-color":"var(--ast-global-color-5)","background-image":"","background-repeat":"repeat","background-position":"center center","background-size":"auto","background-attachment":"scroll","background-type":"","background-media":"","overlay-type":"","overlay-color":"","overlay-opacity":"","overlay-gradient":""},"tablet":{"background-color":"var(--ast-global-color-5)","background-image":"","background-repeat":"repeat","background-position":"center center","background-size":"auto","background-attachment":"scroll","background-type":"","background-media":"","overlay-type":"","overlay-color":"","overlay-opacity":"","overlay-gradient":""},"mobile":{"background-color":"var(--ast-global-color-5)","background-image":"","background-repeat":"repeat","background-position":"center center","background-size":"auto","background-attachment":"scroll","background-type":"","background-media":"","overlay-type":"","overlay-color":"","overlay-opacity":"","overlay-gradient":""}},"footnotes":""},"acf":[],"yoast_head":"<!-- This site is optimized with the Yoast SEO plugin v24.5 - https:\/\/yoast.com\/wordpress\/plugins\/seo\/ -->\n<title>#\u015amigajBezpiecznie - Do\u0142\u0105cz do akcji i wygrywaj nagrody!<\/title>\n<meta name=\"description\" content=\"To akcja edukacyjna skierowana do u\u017cytkownik\u00f3w jedno\u015blad\u00f3w oraz ka\u017cdego komu le\u017cy na sercu bezpiecze\u0144stwo i odpowiedzialna jazda.\" \/>\n<meta name=\"robots\" content=\"index, follow, max-snippet:-1, max-image-preview:large, max-video-preview:-1\" \/>\n<link rel=\"canonical\" href=\"https:\/\/www.smigajbezpiecznie.pl\/\" \/>\n<meta property=\"og:locale\" content=\"pl_PL\" \/>\n<meta property=\"og:type\" content=\"article\" \/>\n<meta property=\"og:title\" content=\"#\u015amigajBezpiecznie - Do\u0142\u0105cz do akcji i wygrywaj nagrody!\" \/>\n<meta property=\"og:description\" content=\"To akcja edukacyjna skierowana do u\u017cytkownik\u00f3w jedno\u015blad\u00f3w oraz ka\u017cdego komu le\u017cy na sercu bezpiecze\u0144stwo i odpowiedzialna jazda.\" \/>\n<meta property=\"og:url\" content=\"https:\/\/www.smigajbezpiecznie.pl\/\" \/>\n<meta property=\"og:site_name\" content=\"#\u015amigajBezpiecznie\" \/>\n<meta property=\"article:modified_time\" content=\"2026-03-17T20:05:43+00:00\" \/>\n<meta name=\"twitter:card\" content=\"summary_large_image\" \/>\n<script type=\"application\/ld+json\" class=\"yoast-schema-graph\">{\"@context\":\"https:\/\/schema.org\",\"@graph\":[{\"@type\":\"WebPage\",\"@id\":\"https:\/\/www.smigajbezpiecznie.pl\/\",\"url\":\"https:\/\/www.smigajbezpiecznie.pl\/\",\"name\":\"#\u015amigajBezpiecznie - Do\u0142\u0105cz do akcji i wygrywaj nagrody!\",\"isPartOf\":{\"@id\":\"https:\/\/www.smigajbezpiecznie.pl\/#website\"},\"datePublished\":\"2024-06-05T07:42:52+00:00\",\"dateModified\":\"2026-03-17T20:05:43+00:00\",\"description\":\"To akcja edukacyjna skierowana do u\u017cytkownik\u00f3w jedno\u015blad\u00f3w oraz ka\u017cdego komu le\u017cy na sercu bezpiecze\u0144stwo i odpowiedzialna jazda.\",\"breadcrumb\":{\"@id\":\"https:\/\/www.smigajbezpiecznie.pl\/#breadcrumb\"},\"inLanguage\":\"pl-PL\",\"potentialAction\":[{\"@type\":\"ReadAction\",\"target\":[\"https:\/\/www.smigajbezpiecznie.pl\/\"]}]},{\"@type\":\"BreadcrumbList\",\"@id\":\"https:\/\/www.smigajbezpiecznie.pl\/#breadcrumb\",\"itemListElement\":[{\"@type\":\"ListItem\",\"position\":1,\"name\":\"Strona g\u0142\u00f3wna\",\"item\":\"https:\/\/www.smigajbezpiecznie.pl\/\"},{\"@type\":\"ListItem\",\"position\":2,\"name\":\"#\u015amigajBezpiecznie\"}]},{\"@type\":\"WebSite\",\"@id\":\"https:\/\/www.smigajbezpiecznie.pl\/#website\",\"url\":\"https:\/\/www.smigajbezpiecznie.pl\/\",\"name\":\"#\u015amigajBezpiecznie\",\"description\":\"#\u015amigajBezpiecznie\",\"potentialAction\":[{\"@type\":\"SearchAction\",\"target\":{\"@type\":\"EntryPoint\",\"urlTemplate\":\"https:\/\/www.smigajbezpiecznie.pl\/?s={search_term_string}\"},\"query-input\":{\"@type\":\"PropertyValueSpecification\",\"valueRequired\":true,\"valueName\":\"search_term_string\"}}],\"inLanguage\":\"pl-PL\"}]}<\/script>\n<!-- \/ Yoast SEO plugin. -->","yoast_head_json":{"title":"#\u015amigajBezpiecznie - Do\u0142\u0105cz do akcji i wygrywaj nagrody!","description":"To akcja edukacyjna skierowana do u\u017cytkownik\u00f3w jedno\u015blad\u00f3w oraz ka\u017cdego komu le\u017cy na sercu bezpiecze\u0144stwo i odpowiedzialna jazda.","robots":{"index":"index","follow":"follow","max-snippet":"max-snippet:-1","max-image-preview":"max-image-preview:large","max-video-preview":"max-video-preview:-1"},"canonical":"https:\/\/www.smigajbezpiecznie.pl\/","og_locale":"pl_PL","og_type":"article","og_title":"#\u015amigajBezpiecznie - Do\u0142\u0105cz do akcji i wygrywaj nagrody!","og_description":"To akcja edukacyjna skierowana do u\u017cytkownik\u00f3w jedno\u015blad\u00f3w oraz ka\u017cdego komu le\u017cy na sercu bezpiecze\u0144stwo i odpowiedzialna jazda.","og_url":"https:\/\/www.smigajbezpiecznie.pl\/","og_site_name":"#\u015amigajBezpiecznie","article_modified_time":"2026-03-17T20:05:43+00:00","twitter_card":"summary_large_image","schema":{"@context":"https:\/\/schema.org","@graph":[{"@type":"WebPage","@id":"https:\/\/www.smigajbezpiecznie.pl\/","url":"https:\/\/www.smigajbezpiecznie.pl\/","name":"#\u015amigajBezpiecznie - Do\u0142\u0105cz do akcji i wygrywaj nagrody!","isPartOf":{"@id":"https:\/\/www.smigajbezpiecznie.pl\/#website"},"datePublished":"2024-06-05T07:42:52+00:00","dateModified":"2026-03-17T20:05:43+00:00","description":"To akcja edukacyjna skierowana do u\u017cytkownik\u00f3w jedno\u015blad\u00f3w oraz ka\u017cdego komu le\u017cy na sercu bezpiecze\u0144stwo i odpowiedzialna jazda.","breadcrumb":{"@id":"https:\/\/www.smigajbezpiecznie.pl\/#breadcrumb"},"inLanguage":"pl-PL","potentialAction":[{"@type":"ReadAction","target":["https:\/\/www.smigajbezpiecznie.pl\/"]}]},{"@type":"BreadcrumbList","@id":"https:\/\/www.smigajbezpiecznie.pl\/#breadcrumb","itemListElement":[{"@type":"ListItem","position":1,"name":"Strona g\u0142\u00f3wna","item":"https:\/\/www.smigajbezpiecznie.pl\/"},{"@type":"ListItem","position":2,"name":"#\u015amigajBezpiecznie"}]},{"@type":"WebSite","@id":"https:\/\/www.smigajbezpiecznie.pl\/#website","url":"https:\/\/www.smigajbezpiecznie.pl\/","name":"#\u015amigajBezpiecznie","description":"#\u015amigajBezpiecznie","potentialAction":[{"@type":"SearchAction","target":{"@type":"EntryPoint","urlTemplate":"https:\/\/www.smigajbezpiecznie.pl\/?s={search_term_string}"},"query-input":{"@type":"PropertyValueSpecification","valueRequired":true,"valueName":"search_term_string"}}],"inLanguage":"pl-PL"}]}},"_links":{"self":[{"href":"https:\/\/www.smigajbezpiecznie.pl\/index.php\/wp-json\/wp\/v2\/pages\/7"}],"collection":[{"href":"https:\/\/www.smigajbezpiecznie.pl\/index.php\/wp-json\/wp\/v2\/pages"}],"about":[{"href":"https:\/\/www.smigajbezpiecznie.pl\/index.php\/wp-json\/wp\/v2\/types\/page"}],"author":[{"embeddable":true,"href":"https:\/\/www.smigajbezpiecznie.pl\/index.php\/wp-json\/wp\/v2\/users\/1"}],"replies":[{"embeddable":true,"href":"https:\/\/www.smigajbezpiecznie.pl\/index.php\/wp-json\/wp\/v2\/comments?post=7"}],"version-history":[{"count":87,"href":"https:\/\/www.smigajbezpiecznie.pl\/index.php\/wp-json\/wp\/v2\/pages\/7\/revisions"}],"predecessor-version":[{"id":1616,"href":"https:\/\/www.smigajbezpiecznie.pl\/index.php\/wp-json\/wp\/v2\/pages\/7\/revisions\/1616"}],"wp:attachment":[{"href":"https:\/\/www.smigajbezpiecznie.pl\/index.php\/wp-json\/wp\/v2\/media?parent=7"}],"curies":[{"name":"wp","href":"https:\/\/api.w.org\/{rel}","templated":true}]}}